{"id":820,"date":"2025-08-28T19:11:46","date_gmt":"2025-08-28T17:11:46","guid":{"rendered":"https:\/\/lerepertoiredigital.fr\/?page_id=820"},"modified":"2025-08-30T19:11:55","modified_gmt":"2025-08-30T17:11:55","slug":"nebti-azzedine-master-business-digital","status":"publish","type":"page","link":"https:\/\/lerepertoiredigital.fr\/index.php\/nos-profils\/nebti-azzedine-master-business-digital\/","title":{"rendered":"Nebti Azzedine &#8211; Master business digital"},"content":{"rendered":"\t\t<div data-elementor-type=\"wp-page\" data-elementor-id=\"820\" class=\"elementor elementor-820\">\n\t\t\t\t<section class=\"elementor-element elementor-element-6158cdc e-flex e-con-boxed wpr-particle-no wpr-jarallax-no wpr-parallax-no wpr-sticky-section-no e-con e-parent\" data-id=\"6158cdc\" data-element_type=\"container\" data-e-type=\"container\">\n\t\t\t\t\t<div class=\"e-con-inner\">\n\t\t\t\t<div class=\"elementor-element elementor-element-f871366 elementor-widget elementor-widget-heading\" data-id=\"f871366\" data-element_type=\"widget\" data-e-type=\"widget\" data-widget_type=\"heading.default\">\n\t\t\t\t\t<h1 class=\"elementor-heading-title elementor-size-default\">Azzedine Nebti - Master business Digital<\/h1>\t\t\t\t<\/div>\n\t\t<section class=\"elementor-element elementor-element-b8c5a4e e-con-full e-flex wpr-particle-no wpr-jarallax-no wpr-parallax-no wpr-sticky-section-no e-con e-child\" data-id=\"b8c5a4e\" data-element_type=\"container\" data-e-type=\"container\">\n\t\t<div class=\"elementor-element elementor-element-2964233 e-con-full e-flex wpr-particle-no wpr-jarallax-no wpr-parallax-no wpr-sticky-section-no e-con e-child\" data-id=\"2964233\" data-element_type=\"container\" data-e-type=\"container\">\n\t\t\t\t<div class=\"elementor-element elementor-element-fb5150d elementor-widget elementor-widget-heading\" data-id=\"fb5150d\" data-element_type=\"widget\" data-e-type=\"widget\" data-widget_type=\"heading.default\">\n\t\t\t\t\t<h2 class=\"elementor-heading-title elementor-size-default\">A propos<\/h2>\t\t\t\t<\/div>\n\t\t\t\t<div class=\"elementor-element elementor-element-809c4ea elementor-widget elementor-widget-text-editor\" data-id=\"809c4ea\" data-element_type=\"widget\" data-e-type=\"widget\" data-widget_type=\"text-editor.default\">\n\t\t\t\t\t\t\t\t\t<p data-start=\"80\" data-end=\"320\">Mon histoire pourrait \u00eatre la tienne.<br data-start=\"121\" data-end=\"124\" \/>Salut ! Moi c&rsquo;est Azzedine.<br data-start=\"155\" data-end=\"158\" \/>Il y a quelques ann\u00e9es, j&rsquo;\u00e9tais exactement comme toi. Frustr\u00e9 par un travail qui ne me ressemblait pas, avec cette sensation de passer \u00e0 c\u00f4t\u00e9 de ma vie.<\/p><p data-start=\"322\" data-end=\"547\">Le d\u00e9clic ? D\u00e9couvrir que je pouvais cr\u00e9er quelque chose \u00e0 moi, en ligne, \u00e0 mon rythme.<br data-start=\"413\" data-end=\"416\" \/>Aujourd&rsquo;hui, je vis de ma passion, je travaille d&rsquo;o\u00f9 je veux, et surtout&#8230; j&rsquo;aide d&rsquo;autres personnes \u00e0 faire pareil.<\/p><p data-start=\"549\" data-end=\"872\">Obtiens ton business digital cl\u00e9 en main.<br data-start=\"597\" data-end=\"600\" \/>Lance ton activit\u00e9, encaisse en \u20ac m\u00eame depuis l&rsquo;\u00e9tranger en seulement 30 jours.<br data-start=\"686\" data-end=\"689\" \/>Que tu sois salari\u00e9, entrepreneur, ou sans aucune exp\u00e9rience, sans capital de d\u00e9part, sans visibilit\u00e9, reprends le contr\u00f4le de ta vie, de ton temps et vis selon ton \u00e9thique.<\/p>\t\t\t\t\t\t\t\t<\/div>\n\t\t\t\t<\/div>\n\t\t<div class=\"elementor-element elementor-element-56c44c5 e-con-full e-flex wpr-particle-no wpr-jarallax-no wpr-parallax-no wpr-sticky-section-no e-con e-child\" data-id=\"56c44c5\" data-element_type=\"container\" data-e-type=\"container\">\n\t\t\t\t<div class=\"elementor-element elementor-element-e8546a7 elementor-widget elementor-widget-image\" data-id=\"e8546a7\" data-element_type=\"widget\" data-e-type=\"widget\" data-widget_type=\"image.default\">\n\t\t\t\t\t\t\t\t\t\t\t\t\t\t\t<img fetchpriority=\"high\" decoding=\"async\" width=\"800\" height=\"1008\" src=\"https:\/\/lerepertoiredigital.fr\/wp-content\/uploads\/2025\/08\/AzzedineImg.webp\" class=\"attachment-large size-large wp-image-830\" alt=\"\" srcset=\"https:\/\/lerepertoiredigital.fr\/wp-content\/uploads\/2025\/08\/AzzedineImg.webp 800w, https:\/\/lerepertoiredigital.fr\/wp-content\/uploads\/2025\/08\/AzzedineImg-238x300.webp 238w, https:\/\/lerepertoiredigital.fr\/wp-content\/uploads\/2025\/08\/AzzedineImg-768x968.webp 768w\" sizes=\"(max-width: 800px) 100vw, 800px\" \/>\t\t\t\t\t\t\t\t\t\t\t\t\t\t\t<\/div>\n\t\t\t\t<div class=\"elementor-element elementor-element-1c484d4 elementor-widget elementor-widget-image\" data-id=\"1c484d4\" data-element_type=\"widget\" data-e-type=\"widget\" data-widget_type=\"image.default\">\n\t\t\t\t\t\t\t\t\t\t\t\t\t\t\t<img decoding=\"async\" src=\"http:\/\/lapepinieredigitale.fr\/wp-content\/uploads\/2025\/08\/team_2.jpg\" title=\"\" alt=\"\" loading=\"lazy\" \/>\t\t\t\t\t\t\t\t\t\t\t\t\t\t\t<\/div>\n\t\t\t\t<\/div>\n\t\t\t\t<\/section>\n\t\t<section class=\"elementor-element elementor-element-1c2bf4f e-con-full e-flex wpr-particle-no wpr-jarallax-no wpr-parallax-no wpr-sticky-section-no e-con e-child\" data-id=\"1c2bf4f\" data-element_type=\"container\" data-e-type=\"container\">\n\t\t<div class=\"elementor-element elementor-element-a5ce598 e-con-full e-flex wpr-particle-no wpr-jarallax-no wpr-parallax-no wpr-sticky-section-no e-con e-child\" data-id=\"a5ce598\" data-element_type=\"container\" data-e-type=\"container\">\n\t\t\t\t<div class=\"elementor-element elementor-element-9517c45 elementor-widget__width-inherit elementor-widget elementor-widget-heading\" data-id=\"9517c45\" data-element_type=\"widget\" data-e-type=\"widget\" data-widget_type=\"heading.default\">\n\t\t\t\t\t<h2 class=\"elementor-heading-title elementor-size-default\">Mes services<\/h2>\t\t\t\t<\/div>\n\t\t\t\t<div class=\"elementor-element elementor-element-0dc19c7 elementor-widget-tablet__width-initial elementor-widget-mobile__width-inherit elementor-widget elementor-widget-text-editor\" data-id=\"0dc19c7\" data-element_type=\"widget\" data-e-type=\"widget\" data-widget_type=\"text-editor.default\">\n\t\t\t\t\t\t\t\t\t<p>Un accompagnement cl\u00e9 en main pour cr\u00e9er un business rentable, m\u00eame sans comp\u00e9tence technique. Pas de th\u00e9orie sans fin, que du concret. \u00c0 la fin, tu as les comp\u00e9tences ET tes premiers clients.<\/p>\t\t\t\t\t\t\t\t<\/div>\n\t\t\t\t<\/div>\n\t\t<div class=\"elementor-element elementor-element-042a193 e-con-full e-flex wpr-particle-no wpr-jarallax-no wpr-parallax-no wpr-sticky-section-no e-con e-child\" data-id=\"042a193\" data-element_type=\"container\" data-e-type=\"container\">\n\t\t<div class=\"elementor-element elementor-element-eb6a7bc e-con-full e-flex wpr-particle-no wpr-jarallax-no wpr-parallax-no wpr-sticky-section-no e-con e-child\" data-id=\"eb6a7bc\" data-element_type=\"container\" data-e-type=\"container\">\n\t\t\t\t<div class=\"elementor-element elementor-element-a556749 elementor-widget__width-inherit elementor-widget-tablet__width-inherit elementor-widget elementor-widget-heading\" data-id=\"a556749\" data-element_type=\"widget\" data-e-type=\"widget\" data-widget_type=\"heading.default\">\n\t\t\t\t\t<h3 class=\"elementor-heading-title elementor-size-default\">R\u00e9seaux sociaux<\/h3>\t\t\t\t<\/div>\n\t\t\t\t<div class=\"elementor-element elementor-element-3999e4e elementor-widget__width-inherit elementor-shape-rounded elementor-grid-0 e-grid-align-center elementor-widget elementor-widget-social-icons\" data-id=\"3999e4e\" data-element_type=\"widget\" data-e-type=\"widget\" data-widget_type=\"social-icons.default\">\n\t\t\t\t\t\t\t<div class=\"elementor-social-icons-wrapper elementor-grid\">\n\t\t\t\t\t\t\t<span class=\"elementor-grid-item\">\n\t\t\t\t\t<a class=\"elementor-icon elementor-social-icon elementor-social-icon-linkedin elementor-repeater-item-48b00ce\" href=\"https:\/\/www.linkedin.com\/in\/azzedine-nebti-2a38a622b\/\" target=\"_blank\">\n\t\t\t\t\t\t<span class=\"elementor-screen-only\">Linkedin<\/span>\n\t\t\t\t\t\t<svg aria-hidden=\"true\" class=\"e-font-icon-svg e-fab-linkedin\" viewBox=\"0 0 448 512\" xmlns=\"http:\/\/www.w3.org\/2000\/svg\"><path d=\"M416 32H31.9C14.3 32 0 46.5 0 64.3v383.4C0 465.5 14.3 480 31.9 480H416c17.6 0 32-14.5 32-32.3V64.3c0-17.8-14.4-32.3-32-32.3zM135.4 416H69V202.2h66.5V416zm-33.2-243c-21.3 0-38.5-17.3-38.5-38.5S80.9 96 102.2 96c21.2 0 38.5 17.3 38.5 38.5 0 21.3-17.2 38.5-38.5 38.5zm282.1 243h-66.4V312c0-24.8-.5-56.7-34.5-56.7-34.6 0-39.9 27-39.9 54.9V416h-66.4V202.2h63.7v29.2h.9c8.9-16.8 30.6-34.5 62.9-34.5 67.2 0 79.7 44.3 79.7 101.9V416z\"><\/path><\/svg>\t\t\t\t\t<\/a>\n\t\t\t\t<\/span>\n\t\t\t\t\t<\/div>\n\t\t\t\t\t\t<\/div>\n\t\t\t\t<div class=\"elementor-element elementor-element-3b180b4 elementor-widget__width-inherit elementor-widget-tablet__width-inherit elementor-widget elementor-widget-heading\" data-id=\"3b180b4\" data-element_type=\"widget\" data-e-type=\"widget\" data-widget_type=\"heading.default\">\n\t\t\t\t\t<h3 class=\"elementor-heading-title elementor-size-default\">Site web<\/h3>\t\t\t\t<\/div>\n\t\t\t\t<div class=\"elementor-element elementor-element-f18b0de elementor-widget elementor-widget-text-editor\" data-id=\"f18b0de\" data-element_type=\"widget\" data-e-type=\"widget\" data-widget_type=\"text-editor.default\">\n\t\t\t\t\t\t\t\t\t<p><a href=\"https:\/\/digital.master-biz.com\/\">https:\/\/digital.master-biz.com\/<\/a><\/p>\t\t\t\t\t\t\t\t<\/div>\n\t\t\t\t<\/div>\n\t\t\t\t<\/div>\n\t\t\t\t<\/section>\n\t\t<div class=\"elementor-element elementor-element-6a7a5d0 e-con-full e-flex wpr-particle-no wpr-jarallax-no wpr-parallax-no wpr-sticky-section-no e-con e-child\" data-id=\"6a7a5d0\" data-element_type=\"container\" data-e-type=\"container\">\n\t\t\t\t<div class=\"elementor-element elementor-element-76baab5 elementor-widget elementor-widget-heading\" data-id=\"76baab5\" data-element_type=\"widget\" data-e-type=\"widget\" data-widget_type=\"heading.default\">\n\t\t\t\t\t<h2 class=\"elementor-heading-title elementor-size-default\">Mes Offres<\/h2>\t\t\t\t<\/div>\n\t\t\t\t<\/div>\n\t\t<section class=\"elementor-element elementor-element-044a0cc e-grid e-con-full wpr-particle-no wpr-jarallax-no wpr-parallax-no wpr-sticky-section-no e-con e-child\" data-id=\"044a0cc\" data-element_type=\"container\" data-e-type=\"container\">\n\t\t\t\t<div class=\"elementor-element elementor-element-745012c wpr-pricing-table-animation-slide elementor-widget-tablet__width-inherit wpr-pricing-table-heading-center elementor-widget elementor-widget-wpr-pricing-table\" data-id=\"745012c\" data-element_type=\"widget\" data-e-type=\"widget\" data-widget_type=\"wpr-pricing-table.default\">\n\t\t\t\t\t\n\t<div class=\"wpr-pricing-table\">\n\t\t\n\t\t\t<div class=\"elementor-repeater-item-c664e37 wpr-pricing-table-item wpr-pricing-table-heading wpr-pricing-table-item-first\">\t\t\n\t\t\t\n\t\t\t\n\t\t\t\t<div class=\"wpr-pricing-table-headding-inner\">\n\t\t\t\n\t\t\t\t\t\t\t\t\t\t\t<div class=\"wpr-pricing-table-icon\">\n\t\t\t\t\t\t\t<i class=\"far fa-gem\"><\/i>\n\t\t\t\t\t\t<\/div>\n\t\t\t\t\t\n\t\t\t\t\t\t\t\t\t\t\t<div class=\"wpr-pricing-table-title-wrap\">\n\t\t\t\t\t\t\t\t\n\t\t\t\t\t\t\t\t<h3 class=\"wpr-pricing-table-title\">Learny Digit'all<\/h3>\n\t\t\t\t\t\t\t\n\t\t\t\t\t\t\t\t\n\t\t\t\t\t\t\t\t<span class=\"wpr-pricing-table-sub-title\">Pour d\u00e9marrer en autonomie<\/span>\n\t\t\t\t\t\t\t\t\t\t\t\t\t<\/div>\n\t\t\t\t\t\t\t\t\t<\/div>\t\t\n\t\t\n\t\t\t\n\t\t\t<\/div>\n\t\t\t\n\t\t\t<div class=\"elementor-repeater-item-685b932 wpr-pricing-table-item wpr-pricing-table-price\">\t\t\n\t\t\t\n\t\t\t\n\t\t\t\t<div class=\"wpr-pricing-table-price-inner\">\n\t\t\t\t\t\n\t\t\t\t\t<span class=\"wpr-pricing-table-currency\"><\/span>\t\t\t\t\t\n\t\t\t\t\t\t\n\t\t\t\t\t\t<span class=\"wpr-pricing-table-main-price\">560 \u20ac<\/span>\n\t\t\t\t\t\n\t\t\t\t\t\n\t\t\t\t\t\n\t\t\t\t\t\t\t\t\t<\/div>\n\n\t\t\t\t\t\n\t\t\t\t\t<div class=\"wpr-pricing-table-preiod\">Paiement unique<\/div>\n\t\t\t\t\t\t\n\t\t\t\n\t\t\t<\/div>\n\t\t\t\n\t\t\t<section class=\"elementor-repeater-item-edd44a8 wpr-pricing-table-item wpr-pricing-table-feature\">\n\t\t\t\t<div class=\"wpr-pricing-table-feature-inner\">\n\t\t\t\t\t\t\t\t\t\t\t<i class=\"wpr-pricing-table-feature-icon fas fa-check\"><\/i>\n\t\t\t\t\t\t\t\t\t\t\n\t\t\t\t\t<span class=\"wpr-pricing-table-feature-text wpr-pricing-table-ftext-line-\">\n\t\t\t\t\t\t<span>\n\t\t\t\t\t\tFormation compl\u00e8te (7 modules)\t\t\t\t\t\t<\/span>\n\t\t\t\t\t<\/span>\n\n\t\t\t\t\t\t\t\t\t\t\t\t\n\t\t\t\t<\/div>\n\t\t\t<\/section>\n\n\t\t\t\n\t\t\t<section class=\"elementor-repeater-item-af55685 wpr-pricing-table-item wpr-pricing-table-feature\">\n\t\t\t\t<div class=\"wpr-pricing-table-feature-inner\">\n\t\t\t\t\t\t\t\t\t\t\t<i class=\"wpr-pricing-table-feature-icon fas fa-check\"><\/i>\n\t\t\t\t\t\t\t\t\t\t\n\t\t\t\t\t<span class=\"wpr-pricing-table-feature-text wpr-pricing-table-ftext-line-\">\n\t\t\t\t\t\t<span>\n\t\t\t\t\t\tBilan de comp\u00e9tences personnalis\u00e9\t\t\t\t\t\t<\/span>\n\t\t\t\t\t<\/span>\n\n\t\t\t\t\t\t\t\t\t\t\t\t\n\t\t\t\t<\/div>\n\t\t\t<\/section>\n\n\t\t\t\n\t\t\t<section class=\"elementor-repeater-item-53479e2 wpr-pricing-table-item wpr-pricing-table-feature\">\n\t\t\t\t<div class=\"wpr-pricing-table-feature-inner\">\n\t\t\t\t\t\t\t\t\t\t\t<i class=\"wpr-pricing-table-feature-icon fas fa-check\"><\/i>\n\t\t\t\t\t\t\t\t\t\t\n\t\t\t\t\t<span class=\"wpr-pricing-table-feature-text wpr-pricing-table-ftext-line-\">\n\t\t\t\t\t\t<span>\n\t\t\t\t\t\t6h de coaching individuel\t\t\t\t\t\t<\/span>\n\t\t\t\t\t<\/span>\n\n\t\t\t\t\t\t\t\t\t\t\t\t\n\t\t\t\t<\/div>\n\t\t\t<\/section>\n\n\t\t\t\n\t\t\t<section class=\"elementor-repeater-item-179c4fd wpr-pricing-table-item wpr-pricing-table-feature\">\n\t\t\t\t<div class=\"wpr-pricing-table-feature-inner\">\n\t\t\t\t\t\t\t\t\t\t\t<i class=\"wpr-pricing-table-feature-icon fas fa-check\"><\/i>\n\t\t\t\t\t\t\t\t\t\t\n\t\t\t\t\t<span class=\"wpr-pricing-table-feature-text wpr-pricing-table-ftext-line-\">\n\t\t\t\t\t\t<span>\n\t\t\t\t\t\tAcc\u00e8s groupe priv\u00e9\t\t\t\t\t\t<\/span>\n\t\t\t\t\t<\/span>\n\n\t\t\t\t\t\t\t\t\t\t\t\t\n\t\t\t\t<\/div>\n\t\t\t<\/section>\n\n\t\t\t\n\t\t\t<section class=\"elementor-repeater-item-f525076 wpr-pricing-table-item wpr-pricing-table-feature\">\n\t\t\t\t<div class=\"wpr-pricing-table-feature-inner\">\n\t\t\t\t\t\t\t\t\t\t\t<i class=\"wpr-pricing-table-feature-icon fas fa-check\"><\/i>\n\t\t\t\t\t\t\t\t\t\t\n\t\t\t\t\t<span class=\"wpr-pricing-table-feature-text wpr-pricing-table-ftext-line-\">\n\t\t\t\t\t\t<span>\n\t\t\t\t\t\tTemplates et outils exclusifs\t\t\t\t\t\t<\/span>\n\t\t\t\t\t<\/span>\n\n\t\t\t\t\t\t\t\t\t\t\t\t\n\t\t\t\t<\/div>\n\t\t\t<\/section>\n\n\t\t\t\n\t\t\t<div class=\"elementor-repeater-item-79441f3 wpr-pricing-table-item wpr-pricing-table-button\">\t\t\n\t\t\t\n\t\t\t\n\t\t\t\t<a class=\"wpr-pricing-table-btn wpr-button-effect elementor-animation-grow\" href=\"https:\/\/buy.stripe.com\/eVq7sL8flfCZ4yC2ebdEs06\">\n\t\t\t\t\t<span>\n\n\t\t\t\t\t\t\n\t\t\t\t\t\tChoisir cette formule\n\t\t\t\t\t\t\n\t\t\t\t\t<\/span>\n\t\t\t\t<\/a>\n\t\t\t\t\n\t\t\t\n\t\t\t<\/div>\n\t\t\t\n\t\t\t<div class=\"elementor-repeater-item-138fd13 wpr-pricing-table-item wpr-pricing-table-text wpr-pricing-table-item-last\">\t\t\n\t\t\t\n\t\t\t\n\t\t\t<\/div>\n\t\t\t\t<\/div>\n\n\t\t\t\t\t<\/div>\n\t\t\t\t<div class=\"elementor-element elementor-element-98b821d wpr-pricing-table-animation-slide elementor-widget-tablet__width-inherit wpr-pricing-table-heading-center elementor-widget elementor-widget-wpr-pricing-table\" data-id=\"98b821d\" data-element_type=\"widget\" data-e-type=\"widget\" data-widget_type=\"wpr-pricing-table.default\">\n\t\t\t\t\t\n\t<div class=\"wpr-pricing-table\">\n\t\t\n\t\t\t<div class=\"elementor-repeater-item-c664e37 wpr-pricing-table-item wpr-pricing-table-heading wpr-pricing-table-item-first\">\t\t\n\t\t\t\n\t\t\t\n\t\t\t\t<div class=\"wpr-pricing-table-headding-inner\">\n\t\t\t\n\t\t\t\t\t\t\t\t\t\t\t<div class=\"wpr-pricing-table-icon\">\n\t\t\t\t\t\t\t<i class=\"far fa-gem\"><\/i>\n\t\t\t\t\t\t<\/div>\n\t\t\t\t\t\n\t\t\t\t\t\t\t\t\t\t\t<div class=\"wpr-pricing-table-title-wrap\">\n\t\t\t\t\t\t\t\t\n\t\t\t\t\t\t\t\t<h3 class=\"wpr-pricing-table-title\">Master Digit'all<\/h3>\n\t\t\t\t\t\t\t\n\t\t\t\t\t\t\t\t\n\t\t\t\t\t\t\t\t<span class=\"wpr-pricing-table-sub-title\">Accompagnement jusqu'\u00e0 la 1ere vente<\/span>\n\t\t\t\t\t\t\t\t\t\t\t\t\t<\/div>\n\t\t\t\t\t\t\t\t\t<\/div>\t\t\n\t\t\n\t\t\t\n\t\t\t<\/div>\n\t\t\t\n\t\t\t<div class=\"elementor-repeater-item-685b932 wpr-pricing-table-item wpr-pricing-table-price\">\t\t\n\t\t\t\n\t\t\t\n\t\t\t\t<div class=\"wpr-pricing-table-price-inner\">\n\t\t\t\t\t\n\t\t\t\t\t<span class=\"wpr-pricing-table-currency\"><\/span>\t\t\t\t\t\n\t\t\t\t\t\t\n\t\t\t\t\t\t<span class=\"wpr-pricing-table-main-price\">1800 \u20ac<\/span>\n\t\t\t\t\t\n\t\t\t\t\t\n\t\t\t\t\t\n\t\t\t\t\t\t\t\t\t<\/div>\n\n\t\t\t\t\t\n\t\t\t\t\t<div class=\"wpr-pricing-table-preiod\">Paiement unique<\/div>\n\t\t\t\t\t\t\n\t\t\t\n\t\t\t<\/div>\n\t\t\t\n\t\t\t<section class=\"elementor-repeater-item-edd44a8 wpr-pricing-table-item wpr-pricing-table-feature\">\n\t\t\t\t<div class=\"wpr-pricing-table-feature-inner\">\n\t\t\t\t\t\t\t\t\t\t\t<i class=\"wpr-pricing-table-feature-icon fas fa-check\"><\/i>\n\t\t\t\t\t\t\t\t\t\t\n\t\t\t\t\t<span class=\"wpr-pricing-table-feature-text wpr-pricing-table-ftext-line-\">\n\t\t\t\t\t\t<span>\n\t\t\t\t\t\tTout Learny Digital inclus\t\t\t\t\t\t<\/span>\n\t\t\t\t\t<\/span>\n\n\t\t\t\t\t\t\t\t\t\t\t\t\n\t\t\t\t<\/div>\n\t\t\t<\/section>\n\n\t\t\t\n\t\t\t<section class=\"elementor-repeater-item-af55685 wpr-pricing-table-item wpr-pricing-table-feature\">\n\t\t\t\t<div class=\"wpr-pricing-table-feature-inner\">\n\t\t\t\t\t\t\t\t\t\t\t<i class=\"wpr-pricing-table-feature-icon fas fa-check\"><\/i>\n\t\t\t\t\t\t\t\t\t\t\n\t\t\t\t\t<span class=\"wpr-pricing-table-feature-text wpr-pricing-table-ftext-line-\">\n\t\t\t\t\t\t<span>\n\t\t\t\t\t\tAccompagnement personnalis\u00e9 complet\t\t\t\t\t\t<\/span>\n\t\t\t\t\t<\/span>\n\n\t\t\t\t\t\t\t\t\t\t\t\t\n\t\t\t\t<\/div>\n\t\t\t<\/section>\n\n\t\t\t\n\t\t\t<section class=\"elementor-repeater-item-53479e2 wpr-pricing-table-item wpr-pricing-table-feature\">\n\t\t\t\t<div class=\"wpr-pricing-table-feature-inner\">\n\t\t\t\t\t\t\t\t\t\t\t<i class=\"wpr-pricing-table-feature-icon fas fa-check\"><\/i>\n\t\t\t\t\t\t\t\t\t\t\n\t\t\t\t\t<span class=\"wpr-pricing-table-feature-text wpr-pricing-table-ftext-line-\">\n\t\t\t\t\t\t<span>\n\t\t\t\t\t\tSite internet cr\u00e9\u00e9 pour toi\t\t\t\t\t\t<\/span>\n\t\t\t\t\t<\/span>\n\n\t\t\t\t\t\t\t\t\t\t\t\t\n\t\t\t\t<\/div>\n\t\t\t<\/section>\n\n\t\t\t\n\t\t\t<section class=\"elementor-repeater-item-179c4fd wpr-pricing-table-item wpr-pricing-table-feature\">\n\t\t\t\t<div class=\"wpr-pricing-table-feature-inner\">\n\t\t\t\t\t\t\t\t\t\t\t<i class=\"wpr-pricing-table-feature-icon fas fa-check\"><\/i>\n\t\t\t\t\t\t\t\t\t\t\n\t\t\t\t\t<span class=\"wpr-pricing-table-feature-text wpr-pricing-table-ftext-line-\">\n\t\t\t\t\t\t<span>\n\t\t\t\t\t\tStrat\u00e9gie r\u00e9seaux sociaux\t\t\t\t\t\t<\/span>\n\t\t\t\t\t<\/span>\n\n\t\t\t\t\t\t\t\t\t\t\t\t\n\t\t\t\t<\/div>\n\t\t\t<\/section>\n\n\t\t\t\n\t\t\t<section class=\"elementor-repeater-item-f525076 wpr-pricing-table-item wpr-pricing-table-feature\">\n\t\t\t\t<div class=\"wpr-pricing-table-feature-inner\">\n\t\t\t\t\t\t\t\t\t\t\t<i class=\"wpr-pricing-table-feature-icon fas fa-check\"><\/i>\n\t\t\t\t\t\t\t\t\t\t\n\t\t\t\t\t<span class=\"wpr-pricing-table-feature-text wpr-pricing-table-ftext-line-\">\n\t\t\t\t\t\t<span>\n\t\t\t\t\t\tRoadmap personnalis\u00e9e\t\t\t\t\t\t<\/span>\n\t\t\t\t\t<\/span>\n\n\t\t\t\t\t\t\t\t\t\t\t\t\n\t\t\t\t<\/div>\n\t\t\t<\/section>\n\n\t\t\t\n\t\t\t<section class=\"elementor-repeater-item-c642e9a wpr-pricing-table-item wpr-pricing-table-feature\">\n\t\t\t\t<div class=\"wpr-pricing-table-feature-inner\">\n\t\t\t\t\t\t\t\t\t\t\t<i class=\"wpr-pricing-table-feature-icon fas fa-check\"><\/i>\n\t\t\t\t\t\t\t\t\t\t\n\t\t\t\t\t<span class=\"wpr-pricing-table-feature-text wpr-pricing-table-ftext-line-\">\n\t\t\t\t\t\t<span>\n\t\t\t\t\t\tSupport jusqu'\u00e0 la 1\u00e8re vente\t\t\t\t\t\t<\/span>\n\t\t\t\t\t<\/span>\n\n\t\t\t\t\t\t\t\t\t\t\t\t\n\t\t\t\t<\/div>\n\t\t\t<\/section>\n\n\t\t\t\n\t\t\t<div class=\"elementor-repeater-item-79441f3 wpr-pricing-table-item wpr-pricing-table-button\">\t\t\n\t\t\t\n\t\t\t\n\t\t\t\t<a class=\"wpr-pricing-table-btn wpr-button-effect elementor-animation-grow\" href=\"https:\/\/buy.stripe.com\/4gMdR9539eyV6GK3ifdEs07\">\n\t\t\t\t\t<span>\n\n\t\t\t\t\t\t\n\t\t\t\t\t\tChoisir cette formule\n\t\t\t\t\t\t\n\t\t\t\t\t<\/span>\n\t\t\t\t<\/a>\n\t\t\t\t\n\t\t\t\n\t\t\t<\/div>\n\t\t\t\n\t\t\t<div class=\"elementor-repeater-item-138fd13 wpr-pricing-table-item wpr-pricing-table-text wpr-pricing-table-item-last\">\t\t\n\t\t\t\n\t\t\t\n\t\t\t<\/div>\n\t\t\t\t<\/div>\n\n\t\t\t\t\t<\/div>\n\t\t\t\t<\/section>\n\t\t\t\t\t<\/div>\n\t\t\t\t<\/section>\n\t\t\t\t<\/div>\n\t\t","protected":false},"excerpt":{"rendered":"<p>Un accompagnement cl\u00e9 en main pour cr\u00e9er un business rentable, m\u00eame sans comp\u00e9tence technique. Pas de th\u00e9orie sans fin, que du concret. \u00c0 la fin, tu as les comp\u00e9tences ET tes premiers clients.<\/p>\n","protected":false},"author":2,"featured_media":722,"parent":557,"menu_order":0,"comment_status":"closed","ping_status":"closed","template":"elementor_header_footer","meta":{"footnotes":""},"class_list":["post-820","page","type-page","status-publish","has-post-thumbnail","hentry"],"_links":{"self":[{"href":"https:\/\/lerepertoiredigital.fr\/index.php\/wp-json\/wp\/v2\/pages\/820","targetHints":{"allow":["GET"]}}],"collection":[{"href":"https:\/\/lerepertoiredigital.fr\/index.php\/wp-json\/wp\/v2\/pages"}],"about":[{"href":"https:\/\/lerepertoiredigital.fr\/index.php\/wp-json\/wp\/v2\/types\/page"}],"author":[{"embeddable":true,"href":"https:\/\/lerepertoiredigital.fr\/index.php\/wp-json\/wp\/v2\/users\/2"}],"replies":[{"embeddable":true,"href":"https:\/\/lerepertoiredigital.fr\/index.php\/wp-json\/wp\/v2\/comments?post=820"}],"version-history":[{"count":31,"href":"https:\/\/lerepertoiredigital.fr\/index.php\/wp-json\/wp\/v2\/pages\/820\/revisions"}],"predecessor-version":[{"id":1122,"href":"https:\/\/lerepertoiredigital.fr\/index.php\/wp-json\/wp\/v2\/pages\/820\/revisions\/1122"}],"up":[{"embeddable":true,"href":"https:\/\/lerepertoiredigital.fr\/index.php\/wp-json\/wp\/v2\/pages\/557"}],"wp:featuredmedia":[{"embeddable":true,"href":"https:\/\/lerepertoiredigital.fr\/index.php\/wp-json\/wp\/v2\/media\/722"}],"wp:attachment":[{"href":"https:\/\/lerepertoiredigital.fr\/index.php\/wp-json\/wp\/v2\/media?parent=820"}],"curies":[{"name":"wp","href":"https:\/\/api.w.org\/{rel}","templated":true}]}}